{"id":267,"date":"2010-03-01T12:51:52","date_gmt":"2010-03-01T15:51:52","guid":{"rendered":"https:\/\/adhilac.com.ar\/?page_id=267"},"modified":"2022-06-04T11:16:59","modified_gmt":"2022-06-04T14:16:59","slug":"declaracion-de-caracas","status":"publish","type":"page","link":"https:\/\/adhilac.com.ar\/?page_id=267","title":{"rendered":"Declaraci\u00f3n Caracas de ADHILAC (2007)"},"content":{"rendered":"\n<p class=\"has-text-align-center has-vivid-cyan-blue-color has-light-green-cyan-background-color has-text-color has-background\"><strong>DECLARACI\u00d3N DE CARACAS DE LA ASOCIACI\u00d3N DE HISTORIADORES LATINOAMERICANOS Y DEL CARIBE (ADHILAC)<\/strong><\/p>\n\n\n\n<p class=\"has-text-align-left has-very-light-gray-background-color has-background has-small-font-size\"><em>Los participantes del<strong> VIII Encuentro Internacional de la<span style=\"color: #339966;\"> ADHILAC<\/span><\/strong> reunidos en la ciudad de Caracas, Rep\u00fablica Bolivariana de Venezuela, entre el 10 y el 12 de octubre de 2007 en <strong>Asamblea General<\/strong>, conocedores del proceso hist\u00f3rico de Nuestra Am\u00e9rica y del especial momento que vive hoy este continente,<\/em><\/p>\n\n\n\n<div class=\"wp-block-group has-light-green-cyan-background-color has-background\"><div class=\"wp-block-group__inner-container is-layout-flow wp-block-group-is-layout-flow\">\n<div class=\"wp-block-group\"><div class=\"wp-block-group__inner-container is-layout-flow wp-block-group-is-layout-flow\">\n<hr class=\"wp-block-separator\"\/>\n\n\n\n<div style=\"height:20px\" aria-hidden=\"true\" class=\"wp-block-spacer\"><\/div>\n\n\n\n<p class=\"has-text-align-center has-vivid-cyan-blue-color has-text-color has-medium-font-size\"><strong>DECLARAMOS<\/strong><\/p>\n\n\n\n<p class=\"has-text-align-left has-light-green-cyan-background-color has-background has-small-font-size\">Agradecer al pueblo y a las distintas instituciones del gobierno de la Rep\u00fablica Bolivariana de Venezuela, especialmente a su Biblioteca Nacional, la calurosa acogida que nos han brindado a los historiadores latinoamericanistas procedentes de Alemania, Argentina, Brasil, Colombia, Costa Rica, Cuba, El Salvador, Ecuador, Espa\u00f1a, Estados Unidos, Guatemala, Honduras, M\u00e9xico, Panam\u00e1, Paraguay, Puerto Rico, Rep\u00fablica Dominicana y Venezuela, para desarrollar nuestro trabajo acad\u00e9mico centrado en el rescate de la memoria hist\u00f3rica de nuestros pueblos y naciones.<\/p>\n<\/div><\/div>\n\n\n\n<p class=\"has-text-align-left has-very-dark-gray-color has-light-green-cyan-background-color has-text-color has-background has-small-font-size\">En v\u00edsperas de las celebraciones por el <strong>Bicentenario de la Independencia de Am\u00e9rica Latina<\/strong>, ratificamos la importancia de seguir impulsando los estudios e investigaciones de nuestra historia, convencidos de la vigencia de los ideales de libertad, soberan\u00eda, democracia, autodeterminaci\u00f3n y justicia que dieron origen a aquella extraordinaria gesta.<\/p>\n\n\n\n<p class=\"has-text-align-left has-light-green-cyan-background-color has-background has-small-font-size\">Manifestamos la voluntad de sumar nuestro esfuerzo en la b\u00fasqueda de una libre y aut\u00e9ntica integraci\u00f3n latinoamericana, la cual hoy se desarrolla con m\u00e1s fuerza en la regi\u00f3n, reconociendo que ese camino de unidad fortalece la identidad multicultural de Nuestra Am\u00e9rica e incrementa el desarrollo de la democracia aut\u00e9ntica y de la justicia social.<\/p>\n\n\n\n<p class=\"has-text-align-left has-light-green-cyan-background-color has-background has-small-font-size\">Constatamos con satisfacci\u00f3n que el ideal de la Segunda Independencia reclamada por Jos\u00e9 Mart\u00ed desde finales del siglo XIX, va ganando la conciencia de las amplias mayor\u00edas de este continente, como lo demuestran la larga resistencia de la Revoluci\u00f3n Cubana, el proceso de la Revoluci\u00f3n Bolivariana de Venezuela y las transformaciones recientes acaecidas en Bolivia, Ecuador, Nicaragua y otros pa\u00edses hermanos del continente.<\/p>\n\n\n\n<p class=\"has-text-align-left has-light-green-cyan-background-color has-background has-small-font-size\">Finalmente, expresamos nuestro compromiso y vocaci\u00f3n latinoamericanista cimentado en el legado que han proclamado y defendido las m\u00e1s grandes personalidades de Nuestra Am\u00e9rica desde los tiempos de Francisco de Miranda y Sim\u00f3n Bol\u00edvar.<\/p>\n<\/div><\/div>\n\n\n\n<div class=\"wp-block-group has-very-light-gray-background-color has-background\"><div class=\"wp-block-group__inner-container is-layout-flow wp-block-group-is-layout-flow\">\n<p class=\"has-text-align-right has-very-light-gray-background-color has-background\"><strong>Caracas, <\/strong><\/p>\n\n\n\n<p class=\"has-text-align-right has-very-light-gray-background-color has-background\"><strong>a los 12 d\u00edas del mes de octubre de 2007, d\u00eda de la resistencia ind\u00edgena <\/strong><\/p>\n<\/div><\/div>\n\n\n\n<div style=\"height:20px\" aria-hidden=\"true\" class=\"wp-block-spacer\"><\/div>\n\n\n\n<p class=\"has-very-light-gray-color has-vivid-cyan-blue-background-color has-text-color has-background\"><strong>Publicado por ADHILAC Internacional \u00a9 www.adhilac.com.ar<\/strong><\/p>\n\n\n\n<p class=\"has-vivid-cyan-blue-color has-very-light-gray-background-color has-text-color has-background\"> Si Ud. desea asociarse de acuerdo a los Estatutos de ADHILAC&nbsp;<a href=\"https:\/\/adhilac.com.ar\/?page_id=263\">(ver)<\/a> complete el siguiente formulario&nbsp;(<a href=\"https:\/\/adhilac.com.ar\/?page_id=4779\">ver<\/a>)<\/p>\n\n\n\n<p class=\"has-very-light-gray-color has-vivid-cyan-blue-background-color has-text-color has-background\"> E-mail:&nbsp;info@adhilac.com.ar <\/p>\n\n\n\n<p class=\"has-very-light-gray-color has-vivid-cyan-blue-background-color has-text-color has-background\"> Twitter: @AdhilacInfo <\/p>\n\n\n\n<div class=\"wp-block-image\"><figure class=\"aligncenter size-large\"><img loading=\"lazy\" decoding=\"async\" width=\"85\" height=\"85\" src=\"https:\/\/adhilac.com.ar\/wp-content\/uploads\/2015\/02\/Logo-ADHILAC-Internacional-PEQ.jpg\" alt=\"\" class=\"wp-image-10473\"\/><figcaption><br \/><\/figcaption><\/figure><\/div>\n\n\n\n<div class=\"wp-block-group\"><div class=\"wp-block-group__inner-container is-layout-flow wp-block-group-is-layout-flow\">\n<p class=\"has-text-align-center has-very-light-gray-color has-vivid-cyan-blue-background-color has-text-color has-background\"><strong><a href=\"https:\/\/adhilac.com.ar\/?page_id=541\">QUIENES SOMOS<\/a><\/strong><\/p>\n\n\n\n<p class=\"has-text-align-center has-vivid-cyan-blue-color has-very-light-gray-background-color has-text-color has-background\"><strong><a href=\"https:\/\/adhilac.com.ar\/?page_id=15507\">DIRECTIVA DE ADHILAC INTERNACIONAL<\/a><\/strong><\/p>\n\n\n\n<p class=\"has-text-align-center has-very-light-gray-color has-vivid-cyan-blue-background-color has-text-color has-background\"><strong><a href=\"https:\/\/adhilac.com.ar\/?page_id=267\">Declaraci\u00f3n de Caracas de ADHILAC (2007)<\/a><\/strong><\/p>\n\n\n\n<p class=\"has-text-align-center has-vivid-cyan-blue-color has-very-light-gray-background-color has-text-color has-background\"><strong><a href=\"https:\/\/adhilac.com.ar\/?page_id=15873\">ADHILAC: Historia &#8211; Historidorxs<\/a><\/strong><\/p>\n\n\n\n<p class=\"has-text-align-center has-very-light-gray-color has-vivid-cyan-blue-background-color has-text-color has-background\"><strong><a href=\"https:\/\/adhilac.com.ar\/?page_id=15876\">ADHILAC 20 a\u00f1os despu\u00e9s (1974-1994)<\/a> <\/strong><\/p>\n\n\n\n<p class=\"has-text-align-center has-vivid-cyan-blue-color has-very-light-gray-background-color has-text-color has-background\"><strong><a href=\"https:\/\/adhilac.com.ar\/?page_id=15861\">ADHILAC Breve Historia<\/a> <\/strong><\/p>\n\n\n\n<p class=\"has-text-align-center has-very-light-gray-color has-vivid-cyan-blue-background-color has-text-color has-background\"><strong><a href=\"https:\/\/adhilac.com.ar\/?page_id=15887\">ADHILAC: Miembrxs fundadores<\/a><\/strong><\/p>\n\n\n\n<p class=\"has-text-align-center has-vivid-cyan-blue-color has-very-light-gray-background-color has-text-color has-background\"><strong><a href=\"https:\/\/adhilac.com.ar\/?page_id=15943\">ADHILAC: Historiadorxs Destacadxs<\/a><\/strong><\/p>\n\n\n\n<p class=\"has-text-align-center has-very-light-gray-color has-vivid-cyan-blue-background-color has-text-color has-background\"><strong><a href=\"https:\/\/adhilac.com.ar\/?page_id=4779\">SOCIXS<\/a><\/strong><\/p>\n\n\n\n<p class=\"has-text-align-center has-vivid-cyan-blue-color has-very-light-gray-background-color has-text-color has-background\"><strong><a href=\"https:\/\/adhilac.com.ar\/?page_id=263\">Estatutos de ADHILAC<\/a><\/strong><\/p>\n\n\n\n<p class=\"has-text-align-center has-very-light-gray-color has-vivid-cyan-blue-background-color has-text-color has-background\"><strong><a href=\"https:\/\/adhilac.com.ar\/?page_id=8220\">BICENTENARIO<\/a><\/strong><\/p>\n\n\n\n<p class=\"has-text-align-center has-vivid-cyan-blue-color has-very-light-gray-background-color has-text-color has-background\"><strong><a href=\"https:\/\/adhilac.com.ar\/?page_id=8279\">BIBLIOTECA<\/a><\/strong><\/p>\n\n\n\n<p class=\"has-text-align-center has-very-light-gray-color has-vivid-cyan-blue-background-color has-text-color has-background\"><strong><a href=\"https:\/\/adhilac.com.ar\/?page_id=1698\">ENLACES<\/a> <\/strong><\/p>\n\n\n\n<p class=\"has-text-align-center has-vivid-cyan-blue-color has-very-light-gray-background-color has-text-color has-background\"><a href=\"http:\/\/www.ariadnatucma.com.ar\">VISITE ARIADNA TUCMA REVISTA LATINOAMERICANA<\/a><\/p>\n<\/div><\/div>\n","protected":false},"excerpt":{"rendered":"<p>DECLARACI\u00d3N DE CARACAS DE LA ASOCIACI\u00d3N DE HISTORIADORES LATINOAMERICANOS Y DEL CARIBE (ADHILAC) Los participantes del VIII Encuentro Internacional de la ADHILAC reunidos en la ciudad de Caracas, Rep\u00fablica Bolivariana de Venezuela, entre el 10 y el 12 de octubre de 2007 en Asamblea General, conocedores del proceso hist\u00f3rico de Nuestra Am\u00e9rica y del especial [&hellip;]<\/p>\n","protected":false},"author":2,"featured_media":0,"parent":18134,"menu_order":2,"comment_status":"closed","ping_status":"closed","template":"","meta":{"footnotes":""},"class_list":["post-267","page","type-page","status-publish","hentry"],"_links":{"self":[{"href":"https:\/\/adhilac.com.ar\/index.php?rest_route=\/wp\/v2\/pages\/267","targetHints":{"allow":["GET"]}}],"collection":[{"href":"https:\/\/adhilac.com.ar\/index.php?rest_route=\/wp\/v2\/pages"}],"about":[{"href":"https:\/\/adhilac.com.ar\/index.php?rest_route=\/wp\/v2\/types\/page"}],"author":[{"embeddable":true,"href":"https:\/\/adhilac.com.ar\/index.php?rest_route=\/wp\/v2\/users\/2"}],"replies":[{"embeddable":true,"href":"https:\/\/adhilac.com.ar\/index.php?rest_route=%2Fwp%2Fv2%2Fcomments&post=267"}],"version-history":[{"count":20,"href":"https:\/\/adhilac.com.ar\/index.php?rest_route=\/wp\/v2\/pages\/267\/revisions"}],"predecessor-version":[{"id":18136,"href":"https:\/\/adhilac.com.ar\/index.php?rest_route=\/wp\/v2\/pages\/267\/revisions\/18136"}],"up":[{"embeddable":true,"href":"https:\/\/adhilac.com.ar\/index.php?rest_route=\/wp\/v2\/pages\/18134"}],"wp:attachment":[{"href":"https:\/\/adhilac.com.ar\/index.php?rest_route=%2Fwp%2Fv2%2Fmedia&parent=267"}],"curies":[{"name":"wp","href":"https:\/\/api.w.org\/{rel}","templated":true}]}}